{"id":1207,"date":"2024-11-25T17:53:26","date_gmt":"2024-11-25T16:53:26","guid":{"rendered":"https:\/\/www.goednoe.at\/wordpress\/?page_id=1207"},"modified":"2026-02-23T17:25:45","modified_gmt":"2026-02-23T16:25:45","slug":"e-mail-service-mitgliederinfos-goed-pensionisten-noe","status":"publish","type":"page","link":"https:\/\/www.goednoe.at\/wordpress\/e-mail-service-mitgliederinfos-goed-pensionisten-noe\/","title":{"rendered":"E-Mail Service Mitgliederinfos G\u00d6D-Pensionisten N\u00d6"},"content":{"rendered":"\n<p><strong>Links zu Formularen<\/strong><\/p>\n\n\n\n<ul class=\"wp-block-list\">\n<li><a href=\"https:\/\/www.goednoe.at\/wordpress\/newsletter\/\" data-type=\"page\" data-id=\"1209\">Anmeldung Newsletter<\/a><\/li>\n\n\n\n<li><a href=\"https:\/\/www.goednoe.at\/wordpress\/newsletter-aenderungen\/\" data-type=\"page\" data-id=\"1393\">Daten-\u00c4nderung oder -Erg\u00e4nzung<\/a><\/li>\n\n\n\n<li><a href=\"https:\/\/www.goednoe.at\/wordpress\/newsletter-abmeldung\/\" data-type=\"page\" data-id=\"1398\">Abmeldung des Newsletters<\/a><\/li>\n<\/ul>\n\n\n\n<p>Seit 2007 versenden wir anlassbezogen unsere Informations-E-Mails in N\u00d6 an daf\u00fcr registrierte Kolleginnen und Kollegen. Auf diese Weise k\u00f6nnen wir mit Stand Mai 2018 bereits mehr als 1.900 unserer Mitglieder aus Nieder\u00f6sterreich mit unseren aktuellen Informationen versorgen.<br>Alle daf\u00fcr noch nicht registrierten Kolleginnen und Kollegen im Ruhestand bzw. in der Pension laden wir ein, sich anzumelden und uns ihre Daten mitzuteilen.<\/p>\n\n\n\n<p><strong>Zielsetzung:<\/strong> Information unserer Mitglieder (G\u00d6D-Pensionisten mit Hauptwohnsitz N\u00d6) durch die Landesleitung G\u00d6D-Pensionisten N\u00d6.<\/p>\n\n\n\n<p><strong>Umsetzung:<\/strong> Einzel-Versand pers\u00f6nlich adressierter Informations-E-Mails an die f\u00fcr diesen Dienst angemeldeten und registrierten Kolleginnen und Kollegen.<\/p>\n\n\n\n<h2 class=\"wp-block-heading has-electric-grass-gradient-background has-background\"><strong>Voraussetzung f\u00fcr die Anmeldung und Registrierung<\/strong><\/h2>\n\n\n\n<ul class=\"wp-block-list\">\n<li>Aufrechte Mitgliedschaft (G\u00d6D-Pensionisten N\u00d6),<\/li>\n\n\n\n<li>Hauptwohnsitz Wohnsitz in N\u00d6 oder Betreuung durch die Landesleitung G\u00d6D-Pensionisten N\u00d6. (z.B. bei Auslandswohnsitz).<\/li>\n<\/ul>\n\n\n\n<p><strong>Anmeldung und Registrierung<\/strong><\/p>\n\n\n\n<ul class=\"wp-block-list\">\n<li>Online \u00fcber das Anmelde-Formular auf unsere Website \u25ba<a href=\"https:\/\/www.goednoe.at\/wordpress\/newsletter\/\" data-type=\"page\" data-id=\"1209\" target=\"_blank\" rel=\"noreferrer noopener\">Formular \u00f6ffnen!<\/a><\/li>\n\n\n\n<li>oder schriftlich bzw. telefonisch \u25ba<a href=\"https:\/\/www.goednoe.at\/wordpress\/kontakte\/\" data-type=\"page\" data-id=\"98\">Kontaktseite \u00f6ffnen!<\/a><\/li>\n<\/ul>\n\n\n\n<p>Wird der Landesleitung G\u00d6D-Pensionisten N\u00d6 die E-Mail-Adresse eines nicht f\u00fcr diesen Servicedienst angemeldeten und registrierten Mitgliedes &#8211; das die Voraussetzungen f\u00fcr die Anmeldung und Registrierung erf\u00fcllt &#8211; z.B. bei Anfragen, im Rahmen von Veranstaltungen etc. bekannt, so wird das Mitglied per E-Mail zur Anmeldung eingeladen und erst danach ihre Daten in unsere Info-E-Mail Datenbank \u00fcbernommen.<\/p>\n\n\n\n<h2 class=\"wp-block-heading\"><strong>Datenbank<\/strong><\/h2>\n\n\n\n<p>Das Kernst\u00fcck f\u00fcr die Versendung unserer E-Mail Informationen bildet unsere Info-E-Mail Datenbank. In ihr werden auf Basis der Anmeldung folgende Daten gespeichert:<\/p>\n\n\n\n<ul class=\"wp-block-list\">\n<li>Anrede: (Kollegin oder Kollege)<\/li>\n\n\n\n<li>Akademischer Grad:<\/li>\n\n\n\n<li>Familienname:<\/li>\n\n\n\n<li>Mastergrad:<\/li>\n\n\n\n<li>Vorname:<\/li>\n\n\n\n<li>Postleitzahl und Wohnort:<\/li>\n\n\n\n<li>Bezirks- Landeszuordnung:<\/li>\n\n\n\n<li>G\u00d6D-Mitgliedsnummer: <em>(Sofern bekannt)<\/em><\/li>\n\n\n\n<li>E-Mail-Adresse: <em>(Falls abweichend von der Absender-Adresse: Bitte unbedingt auf die richtige Schreibweise dieser E-Mail-Adresse achten!)<\/em><\/li>\n<\/ul>\n\n\n\n<p>Die Voraussetzung der aufrechten Mitgliedschaft wird von uns \u00fcber die Mitgliedsnummer gepr\u00fcft. Falls Sie bei der Plattform &#8222;Robinson&#8220; angemeldet sind fallen sie automatisch aus dem Verteiler.<\/p>\n\n\n\n<h2 class=\"wp-block-heading\"><strong>Datenl\u00f6schung<\/strong><\/h2>\n\n\n\n<ul class=\"wp-block-list\">\n<li><strong>Auf Verlangen:<\/strong><br>Jedes zum Empfang unserer E-Mail Informationen registrierte Mitglied kann jederzeit und ohne Angabe von Gr\u00fcnden die L\u00f6schung ihrer Daten aus unserer Info-E-Mail Datenbank per E-Mail \u00fcber ihre registrierte E-Mail-Adresse verlangen. Die L\u00f6schung erfolgt umgehend, sp\u00e4testens aber innerhalb von 30 Tagen. Es ist unser Ziel, dass nur jene Mitglieder unsere Infos erhalten, die dies auch wollen.<br>Der Link zum <strong>Abmeldeformular<\/strong> ist am Ende jeder Informations-E-Mail bereitgestellt.<\/li>\n\n\n\n<li><strong>Automatisch:<\/strong><br>Innerhalb nach 30 Tagen ab dem Bekanntwerden der Beendigung der Mitgliedschaft (Austritt, Tod etc.).<br>Nach mehrmaliger Fehlermeldung nach E-Mail-Versand <em>(Ablehnung durch den Empf\u00e4nger; fehlerhafte E-Mail-Adresse oder Mailbox voll).<\/em><\/li>\n<\/ul>\n\n\n\n<h2 class=\"wp-block-heading\"><strong>Datenschutz<\/strong><\/h2>\n\n\n\n<p>Unsere Info-E-Mail Datenbank ist lokal gespeichert und liegt auf keinem \u00fcber Internet zug\u00e4nglichen Server. Die uns bekanntgegebenen Daten werden in die Datenbank eingetragen und gewartet. Sie werden allein zur Versendung unserer Mitglieder-Informationen N\u00d6 im Rahmen unseres E-Mail Servicedienstes verwendet und nicht weitergegeben!<br>Alle unsere Info E-Mails versenden wir \u00fcber ein spezielles Mailer-Programm an alle daf\u00fcr registrierten Kolleginnen und Kollegen im Weg der in unserer Info-E-Mail Datenbank gespeicherte E-Mail-Adresse.<\/p>\n\n\n\n<h2 class=\"wp-block-heading\"><strong>Daten\u00e4nderung<\/strong><\/h2>\n\n\n\n<p>F\u00fcr den Fall einer \u00c4nderung ihrer in unserer Datenbank gespeicherten Daten, insbesondere der E-Mail-Adresse, verwenden Sie das am Ende jeder Informations-E-Mail \u00fcber LINK bereitgestellte \u00c4nderungsformular.<\/p>\n\n\n\n<p><strong>Kontakt<\/strong> f\u00fcr Informationen und R\u00fcckfragen<\/p>\n\n\n\n<ul class=\"wp-block-list\">\n<li><strong>Schriftlich:<\/strong><br>Landesvertretung Pensionisten in der Gewerkschaft \u00d6ffentlicher Dienst Nieder\u00f6sterreich<br>Julius-Raab-Promenade 27\/II<br>3100 St. P\u00f6lten<\/li>\n\n\n\n<li><strong>Telefonisch:<\/strong> Donnerstags von 09:00 bis 12:00 h unter Tel: 02742\/351 616 27DW.<\/li>\n<\/ul>\n\n\n\n<div class=\"wp-block-buttons is-content-justification-center is-layout-flex wp-container-core-buttons-is-layout-a89b3969 wp-block-buttons-is-layout-flex\">\n<div class=\"wp-block-button\"><a class=\"wp-block-button__link wp-element-button\" href=\"https:\/\/www.goednoe.at\/wordpress\/newsletter\/\" target=\"_blank\" rel=\"noreferrer noopener\">zum FORMULAR &#8211; Anmeldung<\/a><\/div>\n<\/div>\n\n\n\n<div class=\"wp-block-buttons is-content-justification-center is-layout-flex wp-container-core-buttons-is-layout-a89b3969 wp-block-buttons-is-layout-flex\">\n<div class=\"wp-block-button\"><a class=\"wp-block-button__link wp-element-button\" href=\"https:\/\/www.goednoe.at\/wordpress\/newsletter-aenderungen\/\" target=\"_blank\" rel=\"noreferrer noopener\">zum FORMULAR &#8211; \u00c4nderungen<\/a><\/div>\n<\/div>\n\n\n\n<div class=\"wp-block-buttons is-content-justification-center is-layout-flex wp-container-core-buttons-is-layout-a89b3969 wp-block-buttons-is-layout-flex\">\n<div class=\"wp-block-button\"><a class=\"wp-block-button__link wp-element-button\" href=\"https:\/\/www.goednoe.at\/wordpress\/newsletter-abmeldung\/\" target=\"_blank\" rel=\"noreferrer noopener\">zum FORMULAR &#8211; Abmeldung<\/a><\/div>\n<\/div>\n\n\n\n<p><\/p>\n","protected":false},"excerpt":{"rendered":"<p>Links zu Formularen Seit 2007 versenden wir anlassbezogen unsere Informations-E-Mails in N\u00d6 an daf\u00fcr registrierte Kolleginnen und Kollegen. Auf diese Weise k\u00f6nnen wir mit Stand Mai 2018 bereits mehr als 1.900 unserer Mitglieder aus Nieder\u00f6sterreich mit unseren aktuellen Informationen versorgen.Alle daf\u00fcr noch nicht registrierten Kolleginnen und Kollegen im Ruhestand bzw. [&hellip;]<\/p>\n","protected":false},"author":1,"featured_media":731,"parent":0,"menu_order":0,"comment_status":"closed","ping_status":"closed","template":"","meta":{"footnotes":""},"class_list":["post-1207","page","type-page","status-publish","has-post-thumbnail","hentry"],"_links":{"self":[{"href":"https:\/\/www.goednoe.at\/wordpress\/wp-json\/wp\/v2\/pages\/1207","targetHints":{"allow":["GET"]}}],"collection":[{"href":"https:\/\/www.goednoe.at\/wordpress\/wp-json\/wp\/v2\/pages"}],"about":[{"href":"https:\/\/www.goednoe.at\/wordpress\/wp-json\/wp\/v2\/types\/page"}],"author":[{"embeddable":true,"href":"https:\/\/www.goednoe.at\/wordpress\/wp-json\/wp\/v2\/users\/1"}],"replies":[{"embeddable":true,"href":"https:\/\/www.goednoe.at\/wordpress\/wp-json\/wp\/v2\/comments?post=1207"}],"version-history":[{"count":9,"href":"https:\/\/www.goednoe.at\/wordpress\/wp-json\/wp\/v2\/pages\/1207\/revisions"}],"predecessor-version":[{"id":1954,"href":"https:\/\/www.goednoe.at\/wordpress\/wp-json\/wp\/v2\/pages\/1207\/revisions\/1954"}],"wp:featuredmedia":[{"embeddable":true,"href":"https:\/\/www.goednoe.at\/wordpress\/wp-json\/wp\/v2\/media\/731"}],"wp:attachment":[{"href":"https:\/\/www.goednoe.at\/wordpress\/wp-json\/wp\/v2\/media?parent=1207"}],"curies":[{"name":"wp","href":"https:\/\/api.w.org\/{rel}","templated":true}]}}