{"id":131,"date":"2024-05-31T21:51:06","date_gmt":"2024-05-31T19:51:06","guid":{"rendered":"https:\/\/www.goednoe.at\/wordpress\/?page_id=131"},"modified":"2026-02-19T14:20:39","modified_gmt":"2026-02-19T13:20:39","slug":"mitglieder-info","status":"publish","type":"page","link":"https:\/\/www.goednoe.at\/wordpress\/mitglieder-info\/","title":{"rendered":"Bildungsf\u00f6rderungsbeitrag"},"content":{"rendered":"\n<p>Alle G\u00d6D Pensionistinnen und -Pensionisten k\u00f6nnen auf Antrag f\u00fcr abgeschlossene Aus- und Weiterbildungskurse (z.B. Kurse an Volkshochschulen etc.) j\u00e4hrlich 1-mal einen Bildungsf\u00f6rderungs-Beitrag von pauschal<strong>\u00a065,- Euro<\/strong> beantragen.<br><br><strong>Voraussetzungen f\u00fcr den Bildungsf\u00f6rderungs-Beitrag:<\/strong><br>Aufrechte G\u00d6D-Mitgliedschaft und Beitragswahrheit!<br><br><strong>Hinweis von Karlheinz Fiedler<\/strong>\u00a0(Bildungsreferent und Vorsitzender-Stellvertreter der Bundesleitung der G\u00d6D-Pensionisten) zum Bildungsf\u00f6rderungs-Beitrag f\u00fcr PensPower-Kurse bei VHS und an der Fischerstiege:<br>F\u00fcr besuchte Fortbildungsveranstaltungen kann pro Kalenderjahr beim Referat f\u00fcr Bildung der G\u00d6D ein Ansuchen um Bildungsf\u00f6rderungs-Beitrag in der H\u00f6he von \u20ac 65,- angesucht werden. Dem schriftlichen Ansuchen sind die Zahlungs- sowie die Teilnahmebest\u00e4tigung anzuschlie\u00dfen.<\/p>\n\n\n\n<p><\/p>\n\n\n\n<p><a href=\"https:\/\/www.goed.at\/bildungsfoerderung\" target=\"_blank\" rel=\"noreferrer noopener\">Mehr Infos und das Formular zur Antragstellung<\/a><br>finden Sie im Mitgliederbereich &#8211; bitte einloggen!<br>&#8212;&#8212;&#8212;&#8212;&#8212;&#8212;&#8212;&#8212;&#8212;&#8212;&#8212;&#8212;&#8212;&#8212;&#8212;&#8212;&#8212;&#8212;&#8212;&#8212;&#8212;&#8212;&#8212;&#8212;&#8212;<br>Formular zum Downloaden<\/p>\n\n\n\n<div data-wp-interactive=\"core\/file\" class=\"wp-block-file\"><object data-wp-bind--hidden=\"!state.hasPdfPreview\" hidden class=\"wp-block-file__embed\" data=\"https:\/\/www.goednoe.at\/wordpress\/wp-content\/uploads\/2025\/11\/Antragsformular_Bildungsfoerderung_2025_PensionistInnen.pdf\" type=\"application\/pdf\" style=\"width:100%;height:600px\" aria-label=\"Einbettung von Antragsformular_Bildungsfoerderung_2025_PensionistInnen.\"><\/object><a id=\"wp-block-file--media-3751b40d-b474-472b-8905-3d2f27ffdecf\" href=\"https:\/\/www.goednoe.at\/wordpress\/wp-content\/uploads\/2025\/11\/Antragsformular_Bildungsfoerderung_2025_PensionistInnen.pdf\">Antragsformular_Bildungsfoerderung_2025_PensionistInnen<\/a><a href=\"https:\/\/www.goednoe.at\/wordpress\/wp-content\/uploads\/2025\/11\/Antragsformular_Bildungsfoerderung_2025_PensionistInnen.pdf\" class=\"wp-block-file__button wp-element-button\" download aria-describedby=\"wp-block-file--media-3751b40d-b474-472b-8905-3d2f27ffdecf\">Herunterladen<\/a><\/div>\n\n\n\n<div class=\"wp-block-group has-background-color-background-color has-background\"><div class=\"wp-block-group__inner-container is-layout-constrained wp-block-group-is-layout-constrained\">\n<div class=\"wp-block-group\"><div class=\"wp-block-group__inner-container is-layout-constrained wp-block-group-is-layout-constrained\">\n<h2 class=\"wp-block-heading\" id=\"x05\"><strong>Informationen des Bildungsreferenten<\/strong><\/h2>\n\n\n\n<p class=\"has-background-color-background-color has-background\"><strong>Kontakt mit dem Bildungsreferat<\/strong><br>In Bildungsangelegenheiten und im Zusammenhang mit den PensPower-Kursen bitte sich per E-Mail&nbsp;<a href=\"mailto:penspower@goed.at\" target=\"_blank\" rel=\"noreferrer noopener\">penspower@goed.at<\/a>&nbsp;an unseren Bildungsreferenten zu wenden. In sehr wichtigen Angelegenheiten, die nur telefonisch vorgetragen werden k\u00f6nnen, kann der Kontakt mit ihm \u00fcber unser Sekretariat hergestellt werden.<br>Ihr Bildungsreferent<br>Karlheinz Fiedler BEd.<\/p>\n<\/div><\/div>\n<\/div><\/div>\n\n\n\n<figure class=\"wp-block-image size-full is-style-rounded\"><img data-opt-id=709397963  fetchpriority=\"high\" decoding=\"async\" width=\"1008\" height=\"195\" src=\"https:\/\/mlx6iuq9jbbn.i.optimole.com\/cb:RIpd.55f7a\/w:auto\/h:auto\/q:mauto\/f:best\/https:\/\/www.goednoe.at\/wordpress\/wp-content\/uploads\/2024\/06\/Screenshot-2024-06-23-104731.png\" alt=\"Bildungsf\u00f6rderungsbeitrag\" class=\"wp-image-546\" srcset=\"https:\/\/mlx6iuq9jbbn.i.optimole.com\/cb:RIpd.55f7a\/w:1008\/h:195\/q:mauto\/f:best\/https:\/\/www.goednoe.at\/wordpress\/wp-content\/uploads\/2024\/06\/Screenshot-2024-06-23-104731.png 1008w, https:\/\/mlx6iuq9jbbn.i.optimole.com\/cb:RIpd.55f7a\/w:300\/h:58\/q:mauto\/f:best\/https:\/\/www.goednoe.at\/wordpress\/wp-content\/uploads\/2024\/06\/Screenshot-2024-06-23-104731.png 300w, https:\/\/mlx6iuq9jbbn.i.optimole.com\/cb:RIpd.55f7a\/w:768\/h:149\/q:mauto\/f:best\/https:\/\/www.goednoe.at\/wordpress\/wp-content\/uploads\/2024\/06\/Screenshot-2024-06-23-104731.png 768w\" sizes=\"(max-width: 750px) 100vw, 750px\" \/><\/figure>\n\n\n\n<p><\/p>\n","protected":false},"excerpt":{"rendered":"<p>Alle G\u00d6D Pensionistinnen und -Pensionisten k\u00f6nnen auf Antrag f\u00fcr abgeschlossene Aus- und Weiterbildungskurse (z.B. Kurse an Volkshochschulen etc.) j\u00e4hrlich 1-mal einen Bildungsf\u00f6rderungs-Beitrag von pauschal\u00a065,- Euro beantragen. Voraussetzungen f\u00fcr den Bildungsf\u00f6rderungs-Beitrag:Aufrechte G\u00d6D-Mitgliedschaft und Beitragswahrheit! Hinweis von Karlheinz Fiedler\u00a0(Bildungsreferent und Vorsitzender-Stellvertreter der Bundesleitung der G\u00d6D-Pensionisten) zum Bildungsf\u00f6rderungs-Beitrag f\u00fcr PensPower-Kurse bei VHS und [&hellip;]<\/p>\n","protected":false},"author":1,"featured_media":542,"parent":0,"menu_order":0,"comment_status":"closed","ping_status":"closed","template":"","meta":{"footnotes":""},"class_list":["post-131","page","type-page","status-publish","has-post-thumbnail","hentry"],"_links":{"self":[{"href":"https:\/\/www.goednoe.at\/wordpress\/wp-json\/wp\/v2\/pages\/131","targetHints":{"allow":["GET"]}}],"collection":[{"href":"https:\/\/www.goednoe.at\/wordpress\/wp-json\/wp\/v2\/pages"}],"about":[{"href":"https:\/\/www.goednoe.at\/wordpress\/wp-json\/wp\/v2\/types\/page"}],"author":[{"embeddable":true,"href":"https:\/\/www.goednoe.at\/wordpress\/wp-json\/wp\/v2\/users\/1"}],"replies":[{"embeddable":true,"href":"https:\/\/www.goednoe.at\/wordpress\/wp-json\/wp\/v2\/comments?post=131"}],"version-history":[{"count":9,"href":"https:\/\/www.goednoe.at\/wordpress\/wp-json\/wp\/v2\/pages\/131\/revisions"}],"predecessor-version":[{"id":1889,"href":"https:\/\/www.goednoe.at\/wordpress\/wp-json\/wp\/v2\/pages\/131\/revisions\/1889"}],"wp:featuredmedia":[{"embeddable":true,"href":"https:\/\/www.goednoe.at\/wordpress\/wp-json\/wp\/v2\/media\/542"}],"wp:attachment":[{"href":"https:\/\/www.goednoe.at\/wordpress\/wp-json\/wp\/v2\/media?parent=131"}],"curies":[{"name":"wp","href":"https:\/\/api.w.org\/{rel}","templated":true}]}}