{"id":162,"date":"2024-06-12T18:29:00","date_gmt":"2024-06-12T16:29:00","guid":{"rendered":"https:\/\/www.goednoe.at\/wordpress\/?page_id=162"},"modified":"2026-02-19T14:10:53","modified_gmt":"2026-02-19T13:10:53","slug":"impressum","status":"publish","type":"page","link":"https:\/\/www.goednoe.at\/wordpress\/impressum\/","title":{"rendered":"Impressum"},"content":{"rendered":"\n<div class=\"wp-block-columns is-layout-flex wp-container-core-columns-is-layout-28f84493 wp-block-columns-is-layout-flex\">\n<div class=\"wp-block-column has-header-gradient-background-color has-background is-layout-flow wp-block-column-is-layout-flow\">\n<p><strong>Homepage: <\/strong><\/p>\n\n\n\n<p>https:\/\/pensionisten.goednoe.at<\/p>\n\n\n\n<p>Offenlegung nach \u00a7 25 Mediengesetz<\/p>\n\n\n\n<p>Website der Landesvertretung Pensionisten in der Gewerkschaft \u00d6ffentlicher Dienst Nieder\u00f6sterreich (LV22)<\/p>\n\n\n\n<p>ZVR-Nummer: 576439352<\/p>\n\n\n\n<p><em><strong>Herausgeber, Alleininhaber:<\/strong><\/em><\/p>\n\n\n\n<p>Arbeitsausschuss der Landesvertretung Pensionisten in der Gewerkschaft \u00f6ffentlicher Dienst Nieder\u00f6sterreich<br>3100 St. P\u00f6lten, Julius-Raab-Promenade 27\/I\/2. Stock<br><strong>Landesvorsitzender:<\/strong> Josef Z\u00f6chmeister<br><strong>Telefon:<\/strong> 02742\/351 616-27DW | <strong>FAX:<\/strong>-36DW | <strong>E-Mail-Kontakt:<\/strong> <a target=\"_blank\" href=\"mailto:info@goednoe.at\" rel=\"noreferrer noopener\">info@goednoe.at<\/a><br><\/p>\n\n\n\n<p><strong>Grunds\u00e4tzliche Richtungen<\/strong><\/p>\n\n\n\n<p>Unabh\u00e4ngiges, Informations- und Kommunikationsorgan des Arbeitsausschusses der Landesvertretung Pensionisten der Gewerkschaft \u00d6ffentlicher Dienst Nieder\u00f6sterreich. (LV22-G\u00d6D-N\u00d6)<\/p>\n\n\n\n<p><strong>Haftungsausschluss<\/strong><\/p>\n\n\n\n<p>Wir sind st\u00e4ndig bem\u00fcht, den Inhalt von mit dieser Website verlinkten externen Sites auf Richtigkeit bzw. Verst\u00f6\u00dfe gegen die guten Sitten zu \u00fcberpr\u00fcfen und ggf. den LINK zu entfernen. Die Haftung f\u00fcr den Inhalt verlinkter externer Sites tr\u00e4gt allein deren Betreiber.<\/p>\n<\/div>\n\n\n\n<div class=\"wp-block-column has-header-gradient-background-color has-background is-layout-flow wp-block-column-is-layout-flow\">\n<p><strong>DATENSCHUTZ<\/strong><\/p>\n\n\n\n<p><strong>Diese Website &#8211; www.pensionisten.goednoe.at &#8211; verwendet keine Cookies!<br>Es werden auch sonst keine Daten von Besuchern gespeichert.<\/strong><br>Bei Anmeldung, Daten\u00e4nderung und Abmeldung, betreffend den Servicedienst: \u201eE-Mail-Mitglieder-Info\u201c der Landesleitung G\u00d6D-Pensionisten N\u00d6 werden die uns \u00fcber Form-Mailer \u00fcbermittelten Daten zu Zwecken dieses Servicedienstes verwendet und nicht weitergegeben. Im Falle der Abmeldung durch den Nutzer werden dessen Daten innerhalb 30 Tagen aus der E-Mail-Mitglieder-Info-DB vollst\u00e4ndig gel\u00f6scht.<br><strong>Achtung:<\/strong> Alle Daten der Mitgliederevidenz der G\u00d6D sind davon nicht betroffen.<br>Von <strong>E-Mail Anfragen etc.,<\/strong> die per Form-Mailer bei der Landesleitung der G\u00d6D-Pensionisten N\u00d6 eintreffen, werden nur jene Daten gespeichert, die im konkreten Fall zur Weitererledigung bzw. zur Verarbeitung ben\u00f6tigt werden. Nach Verarbeitung bzw. Weitererledigung etc., werden diese Daten sp\u00e4testens nach sieben Jahren gel\u00f6scht. E-Mail-Adressen werden mit der E-Mail-Mitglieder-Info-Datenbank verglichen. Ist kein Datensatz vorhanden und besteht Mitgliedschaft in der G\u00d6D so wird das Mitglied eingeladen sich f\u00fcr den Servicedienst \u201eE-Mail-Mitglieder-Info-N\u00d6\u201c anzumelden.<\/p>\n\n\n\n<p><a target=\"_blank\" href=\"https:\/\/www.oegb.at\/cms\/S06\/S06_999_Datenschutz_0\" rel=\"noreferrer noopener\">\u00d6GB-Datenschutz<\/a><\/p>\n<\/div>\n<\/div>\n","protected":false},"excerpt":{"rendered":"<p>Homepage: https:\/\/pensionisten.goednoe.at Offenlegung nach \u00a7 25 Mediengesetz Website der Landesvertretung Pensionisten in der Gewerkschaft \u00d6ffentlicher Dienst Nieder\u00f6sterreich (LV22) ZVR-Nummer: 576439352 Herausgeber, Alleininhaber: Arbeitsausschuss der Landesvertretung Pensionisten in der Gewerkschaft \u00f6ffentlicher Dienst Nieder\u00f6sterreich3100 St. P\u00f6lten, Julius-Raab-Promenade 27\/I\/2. StockLandesvorsitzender: Josef Z\u00f6chmeisterTelefon: 02742\/351 616-27DW | FAX:-36DW | E-Mail-Kontakt: info@goednoe.at Grunds\u00e4tzliche Richtungen Unabh\u00e4ngiges, Informations- [&hellip;]<\/p>\n","protected":false},"author":1,"featured_media":0,"parent":0,"menu_order":0,"comment_status":"closed","ping_status":"closed","template":"","meta":{"footnotes":""},"class_list":["post-162","page","type-page","status-publish","hentry"],"_links":{"self":[{"href":"https:\/\/www.goednoe.at\/wordpress\/wp-json\/wp\/v2\/pages\/162","targetHints":{"allow":["GET"]}}],"collection":[{"href":"https:\/\/www.goednoe.at\/wordpress\/wp-json\/wp\/v2\/pages"}],"about":[{"href":"https:\/\/www.goednoe.at\/wordpress\/wp-json\/wp\/v2\/types\/page"}],"author":[{"embeddable":true,"href":"https:\/\/www.goednoe.at\/wordpress\/wp-json\/wp\/v2\/users\/1"}],"replies":[{"embeddable":true,"href":"https:\/\/www.goednoe.at\/wordpress\/wp-json\/wp\/v2\/comments?post=162"}],"version-history":[{"count":5,"href":"https:\/\/www.goednoe.at\/wordpress\/wp-json\/wp\/v2\/pages\/162\/revisions"}],"predecessor-version":[{"id":286,"href":"https:\/\/www.goednoe.at\/wordpress\/wp-json\/wp\/v2\/pages\/162\/revisions\/286"}],"wp:attachment":[{"href":"https:\/\/www.goednoe.at\/wordpress\/wp-json\/wp\/v2\/media?parent=162"}],"curies":[{"name":"wp","href":"https:\/\/api.w.org\/{rel}","templated":true}]}}