{"id":470,"date":"2024-06-22T17:19:35","date_gmt":"2024-06-22T15:19:35","guid":{"rendered":"https:\/\/www.goednoe.at\/wordpress\/?page_id=470"},"modified":"2024-06-23T11:56:42","modified_gmt":"2024-06-23T09:56:42","slug":"steuer","status":"publish","type":"page","link":"https:\/\/www.goednoe.at\/wordpress\/steuer\/","title":{"rendered":"Steuer"},"content":{"rendered":"\n<figure class=\"wp-block-image size-large\"><img data-opt-id=860535599  fetchpriority=\"high\" decoding=\"async\" width=\"1024\" height=\"138\" src=\"https:\/\/mlx6iuq9jbbn.i.optimole.com\/cb:RIpd.55f7a\/w:1024\/h:138\/q:mauto\/f:best\/https:\/\/www.goednoe.at\/wordpress\/wp-content\/uploads\/2024\/06\/image-1.png\" alt=\"\" class=\"wp-image-471\" srcset=\"https:\/\/mlx6iuq9jbbn.i.optimole.com\/cb:RIpd.55f7a\/w:1024\/h:138\/q:mauto\/f:best\/https:\/\/www.goednoe.at\/wordpress\/wp-content\/uploads\/2024\/06\/image-1.png 1024w, https:\/\/mlx6iuq9jbbn.i.optimole.com\/cb:RIpd.55f7a\/w:300\/h:41\/q:mauto\/f:best\/https:\/\/www.goednoe.at\/wordpress\/wp-content\/uploads\/2024\/06\/image-1.png 300w, https:\/\/mlx6iuq9jbbn.i.optimole.com\/cb:RIpd.55f7a\/w:768\/h:104\/q:mauto\/f:best\/https:\/\/www.goednoe.at\/wordpress\/wp-content\/uploads\/2024\/06\/image-1.png 768w, https:\/\/mlx6iuq9jbbn.i.optimole.com\/cb:RIpd.55f7a\/w:1266\/h:171\/q:mauto\/f:best\/https:\/\/www.goednoe.at\/wordpress\/wp-content\/uploads\/2024\/06\/image-1.png 1266w\" sizes=\"(max-width: 750px) 100vw, 750px\" \/><\/figure>\n\n\n\n<p class=\"has-header-gradient-background-color has-background\">Holen sie Ihre zu viele bezahlte Steuer zur\u00fcck!<br><strong>Hinweise zur Arbeitnehmerveranlagung<\/strong><br>(Jahresausgleich) 2024<\/p>\n\n\n\n<p><em>zusammengestellt von Gisela F\u00fchrer,<br>Referentin f\u00fcr Steuerangelegenheiten<br>der Landesleitung der G\u00d6D-Pensionisten N\u00d6<\/em><\/p>\n\n\n\n<p>PensPower Online Brosch\u00fcre<br><a href=\"https:\/\/www.goednoe.at\/wordpress\/wp-content\/uploads\/2024\/06\/Steuertipps-2024.pdf\" target=\"_blank\" rel=\"noreferrer noopener\">\u25ba &#8222;STEUER TIPPS &amp; INFOS 2024&#8220; \u00f6ffnen<\/a> (PDF-3.092K)<\/p>\n\n\n\n<p>Auch Pensionistinnen und Pensionisten k\u00f6nnen bzw. sollen eine Arbeitnehmerveranlagung einbringen, wenn im automatisch erstellten Bescheid z. B. Sonderausgaben, Werbungskosten und au\u00dfergew\u00f6hnliche Belastungen nicht oder nur teilweise ber\u00fccksichtigt wurden. Im Jahr 2024 k\u00f6nnen noch Antr\u00e4ge r\u00fcckreichend bis einschlie\u00dflich 2019 eingebracht werden. Aktuell die Veranlagung f\u00fcr das Kalenderjahr 2023.<\/p>\n\n\n\n<p><strong>Nachforderung durch das Finanzamt &#8211; was tun?<\/strong><\/p>\n\n\n\n<p>Kommt es \u2013 in Ausnahmef\u00e4llen &#8211; zu einer Nachforderung, k\u00f6nnen Sie Ihren Antrag im Wege der Beschwerde zur\u00fcckziehen. <strong>Ausnahme:<\/strong> Pflichtveranlagung!<\/p>\n\n\n\n<p><strong>Pflichtveranlagung<\/strong><\/p>\n\n\n\n<p>Der Tatbestand einer Pflichtveranlagung liegt vor, wenn Sie in einem Kalenderjahr zwei oder mehrere lohnsteuerpflichtige Eink\u00fcnfte gleichzeitig bezogen haben, Sie im Vorjahr beim Finanzamt einen Freibetragsbescheid beantragt haben, der erh\u00f6hte Pensionistenabsetzbetrag ber\u00fccksichtigt wurde, doch die Voraussetzungen nicht mehr vorliegen (z.B. \u00dcberschreiten der Zuverdienstgrenze der Partnerin bzw. des Partners) oder wenn neben lohnsteuerpflichtigen Eink\u00fcnften noch andere veranlagungspflichtige Eink\u00fcnfte <strong>\u00fcber 730,- Euro im Jahr<\/strong> bezogen wurden.<\/p>\n\n\n\n<p><strong>Automatische ArbeitnehmerInnenveranlagung (AVN)<\/strong><\/p>\n\n\n\n<p>Seit dem Jahr 2017 ist es einfacher, zu viel bezahlte Steuern zur\u00fcckzuerhalten. F\u00fcr folgende F\u00e4lle ist kein Antrag notwendig: Kirchenbeitr\u00e4ge, Spenden und Beitr\u00e4ge f\u00fcr Nachkauf von Versicherungszeiten bzw. f\u00fcr freiwillige Weiterversicherung. Daf\u00fcr m\u00fcssen Sie der Organisation Ihren Vor- und Zunamen und Ihr Geb.-Datum bekanntgeben. Die Informationen werden datenschutzgerecht verschl\u00fcsselt und sind nur vom Finanzamt f\u00fcr Zwecke der Ber\u00fccksichtigung in der Veranlagung zu verwenden.<\/p>\n\n\n\n<p class=\"has-background-color-background-color has-background\">Erfolgt eine <strong>automatische ANV<\/strong> <em>(nicht bei Pflichtveranlagung!),<\/em> erhalten die Betroffenen in der zweiten Jahresh\u00e4lfte vom Finanzamt ein Schreiben mit der zu erwartenden Gutschrift.<\/p>\n\n\n\n<p><strong>Sonderausgaben<\/strong><\/p>\n\n\n\n<p><strong>Absetzbar als Sonderausgaben f\u00fcr das Kalenderjahr 2023 sind:<\/strong> Bestimmte Renten und dauernde Lasten, Weiterversicherungen, Kirchenbeitr\u00e4ge, Spenden, Steuerberatungskosten und \u00f6kologische Sonderausgaben.<\/p>\n\n\n\n<p><strong>Erstattungsbetrag<\/strong><\/p>\n\n\n\n<p>Besteht Anspruch auf Pensionistenabsetzbetrag und ergibt sich eine Einkommensteuer unter null (\u201enegativ f\u00fcr das Finanzamt\u201c), werden 80 % der Sozialversicherungsbeitr\u00e4ge \u2013<strong> h\u00f6chstens 579,- Euro im Jahr<\/strong> r\u00fcckerstattet (SV-R\u00fcckerstattung). Die R\u00fcckerstattung vermindert sich um steuerfreie Ausgleichs- oder Erg\u00e4nzungszulagen. Die Erstattung erfolgt im Wege der Veranlagung und ist mit der Einkommensteuer unter null begrenzt.<\/p>\n\n\n\n<p><strong>N\u00e4here Informationen und Ausk\u00fcnfte<\/strong><\/p>\n\n\n\n<p>zu diesem Thema erhalten Sie von Ihrem Finanzamt. Im Internet k\u00f6nnen Sie sich unter <a target=\"_blank\" href=\"https:\/\/www.bmf.gv.at\" rel=\"noreferrer noopener\">www.bmf.gv.at<\/a> schlau machen und die Steuerb\u00fccher zur\u00fcckreichend bis 2017 online abrufen.<\/p>\n\n\n\n<p><strong>PensPower-Brosch\u00fcre &#8222;STEUER TIPPS &amp; INFOS 2024&#8220;<\/strong><\/p>\n\n\n\n<p>Gisela F\u00fchrer \u2013 unsere N\u00d6-Steuerexpertin &#8211; hat dazu eine umfangreiche Informations-Brosch\u00fcre mit detaillierten Hinweisen zum Thema Steuerersparnis und Arbeitnehmerveranlagung verfasst.<br><a href=\"https:\/\/www.goednoe.at\/wordpress\/wp-content\/uploads\/2024\/06\/Steuertipps-2024.pdf\" target=\"_blank\" rel=\"noreferrer noopener\">\u25ba Brosch\u00fcre STEUER TIPPS &amp; INFOS 2024 \u00f6ffnen!<\/a> <em>(PDF-3.092K)<\/em><\/p>\n\n\n\n<p>Zur Autorin der Brosch\u00fcre:<br><img data-opt-id=2070395488  fetchpriority=\"high\" decoding=\"async\" src=\"https:\/\/prolalei.penspower.at\/grafic-2021\/images\/250x352\/fuehrer-n.gif\" alt=\"Gisela F\u00fchrer\" style=\"width: 150px;\"><\/p>\n\n\n\n<p>Gisela F\u00dcHRER, Jg. 1953, im Aktivstand Finanzbeamtin,<br>ist Mitglied der Landesleitung der G\u00d6D-Pensionisten N\u00d6<br>und Referentin f\u00fcr Steuerangelegenheiten<\/p>\n","protected":false},"excerpt":{"rendered":"<p>Holen sie Ihre zu viele bezahlte Steuer zur\u00fcck!Hinweise zur Arbeitnehmerveranlagung(Jahresausgleich) 2024 zusammengestellt von Gisela F\u00fchrer,Referentin f\u00fcr Steuerangelegenheitender Landesleitung der G\u00d6D-Pensionisten N\u00d6 PensPower Online Brosch\u00fcre\u25ba &#8222;STEUER TIPPS &amp; INFOS 2024&#8220; \u00f6ffnen (PDF-3.092K) Auch Pensionistinnen und Pensionisten k\u00f6nnen bzw. sollen eine Arbeitnehmerveranlagung einbringen, wenn im automatisch erstellten Bescheid z. B. Sonderausgaben, Werbungskosten [&hellip;]<\/p>\n","protected":false},"author":1,"featured_media":472,"parent":0,"menu_order":0,"comment_status":"closed","ping_status":"closed","template":"","meta":{"footnotes":""},"class_list":["post-470","page","type-page","status-publish","has-post-thumbnail","hentry"],"_links":{"self":[{"href":"https:\/\/www.goednoe.at\/wordpress\/wp-json\/wp\/v2\/pages\/470","targetHints":{"allow":["GET"]}}],"collection":[{"href":"https:\/\/www.goednoe.at\/wordpress\/wp-json\/wp\/v2\/pages"}],"about":[{"href":"https:\/\/www.goednoe.at\/wordpress\/wp-json\/wp\/v2\/types\/page"}],"author":[{"embeddable":true,"href":"https:\/\/www.goednoe.at\/wordpress\/wp-json\/wp\/v2\/users\/1"}],"replies":[{"embeddable":true,"href":"https:\/\/www.goednoe.at\/wordpress\/wp-json\/wp\/v2\/comments?post=470"}],"version-history":[{"count":5,"href":"https:\/\/www.goednoe.at\/wordpress\/wp-json\/wp\/v2\/pages\/470\/revisions"}],"predecessor-version":[{"id":581,"href":"https:\/\/www.goednoe.at\/wordpress\/wp-json\/wp\/v2\/pages\/470\/revisions\/581"}],"wp:featuredmedia":[{"embeddable":true,"href":"https:\/\/www.goednoe.at\/wordpress\/wp-json\/wp\/v2\/media\/472"}],"wp:attachment":[{"href":"https:\/\/www.goednoe.at\/wordpress\/wp-json\/wp\/v2\/media?parent=470"}],"curies":[{"name":"wp","href":"https:\/\/api.w.org\/{rel}","templated":true}]}}